{"id":2110,"date":"2024-03-06T05:38:48","date_gmt":"2024-03-06T04:38:48","guid":{"rendered":"https:\/\/quad-kroatien.de\/?page_id=2110"},"modified":"2024-04-28T10:25:19","modified_gmt":"2024-04-28T08:25:19","slug":"impressum","status":"publish","type":"page","link":"https:\/\/quad-kroatien.de\/en\/impressum\/","title":{"rendered":"Impressum"},"content":{"rendered":"<div data-elementor-type=\"wp-page\" data-elementor-id=\"2110\" class=\"elementor elementor-2110\" data-elementor-post-type=\"page\">\n\t\t\t\t<div class=\"elementor-element elementor-element-8297485 e-flex e-con-boxed e-con e-parent\" data-id=\"8297485\" data-element_type=\"container\" data-e-type=\"container\">\n\t\t\t\t\t<div class=\"e-con-inner\">\n\t\t\t\t<div class=\"elementor-element elementor-element-99aa76c elementor-widget elementor-widget-heading\" data-id=\"99aa76c\" data-element_type=\"widget\" data-e-type=\"widget\" data-widget_type=\"heading.default\">\n\t\t\t\t<div class=\"elementor-widget-container\">\n\t\t\t\t\t<h1 class=\"elementor-heading-title elementor-size-default\">Impressum<\/h1>\t\t\t\t<\/div>\n\t\t\t\t<\/div>\n\t\t\t\t<div class=\"elementor-element elementor-element-d79977b elementor-widget-divider--view-line elementor-widget elementor-widget-divider\" data-id=\"d79977b\" data-element_type=\"widget\" data-e-type=\"widget\" data-widget_type=\"divider.default\">\n\t\t\t\t<div class=\"elementor-widget-container\">\n\t\t\t\t\t\t\t<div class=\"elementor-divider\">\n\t\t\t<span class=\"elementor-divider-separator\">\n\t\t\t\t\t\t<\/span>\n\t\t<\/div>\n\t\t\t\t\t\t<\/div>\n\t\t\t\t<\/div>\n\t\t\t\t<div class=\"elementor-element elementor-element-06430a4 elementor-widget elementor-widget-text-editor\" data-id=\"06430a4\" data-element_type=\"widget\" data-e-type=\"widget\" data-widget_type=\"text-editor.default\">\n\t\t\t\t<div class=\"elementor-widget-container\">\n\t\t\t\t\t\t\t\t\t<h5>Name und Anschrift<\/h5><p>Adrius Krk d.o.o.<br \/>\u010ci\u017ei\u0107i 120<br \/>Postfach<br \/>51514 Dobrinj<br \/>Kroatien<\/p><h5>Safari Tours &amp; Rent<\/h5><p>Malinska Public Parking<br \/>\u00f6ffentlicher Parkplatz beim Hafen von Malinska<br \/>51511 Malinska<\/p><h5>Telefon<\/h5><p>Service-Nr.: +385 (0) 91 59 59 278<br \/>Montag \u2013 Freitag 9:00 \u2013 16:00 Uhr<\/p><h5>Internet- und E-mail-Adresse<\/h5><p>Internet: www.quad-kroatien.de<br \/>E-mail: info@quad-kroatien.de<br \/>Facebook: Quad Kroatien Krk<\/p><h5>\u00a0<\/h5><h5>\u00a0<\/h5><h5>\u00a0<\/h5><h5>Registereintragungen<\/h5><p>eingetragen im Bezirksgericht Rijeka<br \/>unter der Firmenbuchnummer: Tt-13 \/ 3921-8<\/p><p>Unternehmens-Identifikationsnummer<br \/>UId-Nr.: 97353393533<\/p><h5>Bankverbindung Kroatien<\/h5><p>Kontonummer: 94 2340 0091 1105 9198<br \/>Bankleitzahl: 10000<br \/>Bank: PBZ Privredna Banka Zagreb d.o.o.<br \/>Radni\u010dka cesta 44, 10000 Zagreb<br \/>SWIFT\/BIC-Code*: PBZGHR2X<br \/>IBAN-Code*: HR94 2340 0091 1105 9198<\/p><h5>Copyright<\/h5><p>Alle Daten dieser Website sind urheberrechtlich gesch\u00fctzt. Jede Bearbeitung, Vervielf\u00e4ltigung, Verbreitung und\/oder \u00f6ffentliche Wiedergabe unabh\u00e4ngig vom verwendeten Medium stellt einen Urheberrechts Versto\u00df dar. F\u00fcr Freigaben wenden Sie sich bitte an info@quad-kroatien.de<\/p><h5>Haftungsausschluss<\/h5><p>Trotz sorgf\u00e4ltiger inhaltlicher Kontrolle \u00fcbernehmen wir keine Haftung f\u00fcr die Inhalte externer Links. F\u00fcr den Inhalt der verlinkten Seiten sind ausschlie\u00dflich deren Betreiber verantwortlich.<\/p>\t\t\t\t\t\t\t\t<\/div>\n\t\t\t\t<\/div>\n\t\t\t\t\t<\/div>\n\t\t\t\t<\/div>\n\t\t\t\t<\/div>","protected":false},"excerpt":{"rendered":"<p>Impressum Name und Anschrift Adrius Krk d.o.o. \u010ci\u017ei\u0107i 120 Postfach 51514 Dobrinj Kroatien Safari Tours &amp; Rent Malinska Public Parking \u00f6ffentlicher Parkplatz beim Hafen von Malinska 51511 Malinska Telefon Service-Nr.: +385 (0) 91 59 59 278 Montag \u2013 Freitag 9:00 \u2013 16:00 Uhr Internet- und E-mail-Adresse Internet: www.quad-kroatien.de E-mail: info@quad-kroatien.de Facebook: Quad Kroatien Krk Registereintragungen [&hellip;]<\/p>\n","protected":false},"author":1,"featured_media":0,"parent":0,"menu_order":0,"comment_status":"closed","ping_status":"closed","template":"elementor_header_footer","meta":{"footnotes":""},"class_list":["post-2110","page","type-page","status-publish","hentry"],"_links":{"self":[{"href":"https:\/\/quad-kroatien.de\/en\/wp-json\/wp\/v2\/pages\/2110","targetHints":{"allow":["GET"]}}],"collection":[{"href":"https:\/\/quad-kroatien.de\/en\/wp-json\/wp\/v2\/pages"}],"about":[{"href":"https:\/\/quad-kroatien.de\/en\/wp-json\/wp\/v2\/types\/page"}],"author":[{"embeddable":true,"href":"https:\/\/quad-kroatien.de\/en\/wp-json\/wp\/v2\/users\/1"}],"replies":[{"embeddable":true,"href":"https:\/\/quad-kroatien.de\/en\/wp-json\/wp\/v2\/comments?post=2110"}],"version-history":[{"count":0,"href":"https:\/\/quad-kroatien.de\/en\/wp-json\/wp\/v2\/pages\/2110\/revisions"}],"wp:attachment":[{"href":"https:\/\/quad-kroatien.de\/en\/wp-json\/wp\/v2\/media?parent=2110"}],"curies":[{"name":"wp","href":"https:\/\/api.w.org\/{rel}","templated":true}]}}